{"id":38566,"date":"2023-05-23T06:20:52","date_gmt":"2023-05-23T06:20:52","guid":{"rendered":"https:\/\/careers.gpi-group.com\/osoby-ubiegajace-sie-o-oswiadczenie-o-ochronie-prywatnosci\/"},"modified":"2023-05-23T06:58:52","modified_gmt":"2023-05-23T06:58:52","slug":"osoby-ubiegajace-sie-o-oswiadczenie-o-ochronie-prywatnosci","status":"publish","type":"page","link":"https:\/\/careers.gpi-group.com\/pl\/osoby-ubiegajace-sie-o-oswiadczenie-o-ochronie-prywatnosci\/","title":{"rendered":"Osoby ubiegaj\u0105ce si\u0119 o o\u015bwiadczenie o ochronie prywatno\u015bci"},"content":{"rendered":"\t\t<div data-elementor-type=\"wp-page\" data-elementor-id=\"38566\" class=\"elementor elementor-38566 elementor-37819\">\n\t\t\t\t\t\t<div class=\"elementor-inner\">\n\t\t\t\t<div class=\"elementor-section-wrap\">\n\t\t\t\t\t\t\t\t\t<section class=\"elementor-section elementor-top-section elementor-element elementor-element-fcae955 elementor-section-full_width elementor-section-height-default elementor-section-height-default\" data-id=\"fcae955\" data-element_type=\"section\">\n\t\t\t\t\t\t<div class=\"elementor-container elementor-column-gap-default\">\n\t\t\t\t\t\t\t<div class=\"elementor-row\">\n\t\t\t\t\t<div class=\"elementor-column elementor-col-100 elementor-top-column elementor-element elementor-element-7a81bd5\" data-id=\"7a81bd5\" data-element_type=\"column\">\n\t\t\t<div class=\"elementor-column-wrap elementor-element-populated\">\n\t\t\t\t\t\t\t<div class=\"elementor-widget-wrap\">\n\t\t\t\t\t\t<div class=\"elementor-element elementor-element-68ba8645 elementor-widget elementor-widget-brandbox\" data-id=\"68ba8645\" data-element_type=\"widget\" data-widget_type=\"brandbox.default\">\n\t\t\t\t<div class=\"elementor-widget-container\">\n\t\t\t<div class=\"brandbox\" style=\"background-color: #F7F7F7\">\r\n\t<div class=\"brandbox-content\">\r\n\t\t<div class=\"brandbox-content-wrapper\">\r\n\t\t\t\t\t\t\t<h1>Osoby ubiegaj\u0105ce si\u0119 o o\u015bwiadczenie o ochronie prywatno\u015bci<\/h1>\r\n\t\t\t\r\n\t\t\t\t\t\t\t<h3>Gpi Tanks &amp; Process Equipment<\/h3>\r\n\t\t\t\r\n\t\t\t\t\t<\/div>\r\n\t<\/div>\r\n\r\n\t<div class=\"brandbox-image\" style=\"background-image: url( https:\/\/careers.gpi-group.com\/wp-content\/uploads\/2023\/01\/werken-bij-Gpi-kantoor-3-e1674036292936.jpg );\"><\/div>\r\n<\/div>\r\n\t\t<\/div>\n\t\t\t\t<\/div>\n\t\t\t\t\t\t<\/div>\n\t\t\t\t\t<\/div>\n\t\t<\/div>\n\t\t\t\t\t\t\t\t<\/div>\n\t\t\t\t\t<\/div>\n\t\t<\/section>\n\t\t\t\t<section class=\"elementor-section elementor-top-section elementor-element elementor-element-54dd90d7 elementor-section-boxed elementor-section-height-default elementor-section-height-default\" data-id=\"54dd90d7\" data-element_type=\"section\">\n\t\t\t\t\t\t<div class=\"elementor-container elementor-column-gap-default\">\n\t\t\t\t\t\t\t<div class=\"elementor-row\">\n\t\t\t\t\t<div class=\"elementor-column elementor-col-100 elementor-top-column elementor-element elementor-element-58b39232\" data-id=\"58b39232\" data-element_type=\"column\">\n\t\t\t<div class=\"elementor-column-wrap elementor-element-populated\">\n\t\t\t\t\t\t\t<div class=\"elementor-widget-wrap\">\n\t\t\t\t\t\t<div class=\"elementor-element elementor-element-4141077d elementor-widget elementor-widget-text-editor\" data-id=\"4141077d\" data-element_type=\"widget\" data-widget_type=\"text-editor.default\">\n\t\t\t\t<div class=\"elementor-widget-container\">\n\t\t\t\t\t\t\t\t<div class=\"elementor-text-editor elementor-clearfix\">\n\t\t\t\t<p>Gpi bardzo powa\u017cnie traktuje prywatno\u015b\u0107 kandydat\u00f3w. Przetwarzamy dane osobowe zgodnie z obowi\u0105zuj\u0105cymi przepisami prawa i regulacjami, w tym z Og\u00f3lnym Rozporz\u0105dzeniem o Ochronie Danych Osobowych (RODO). <\/p>\n<p><strong>Dane osobowe, kt\u00f3re s\u0105 przetwarzane<\/strong><br \/>Podczas korzystania z naszych us\u0142ug i\/lub samodzielnego ich \u015bwiadczenia przetwarzane b\u0119d\u0105 Twoje dane osobowe. Je\u017celi przekazujesz nam dane samodzielnie, ponosisz odpowiedzialno\u015b\u0107 za poprawno\u015b\u0107 i aktualno\u015b\u0107 tych danych. <\/p>\n<p>Poni\u017cej znajdziesz przegl\u0105d danych osobowych, kt\u00f3re mo\u017cemy przetwarza\u0107. W szczeg\u00f3lnych przypadkach mo\u017ce si\u0119 zdarzy\u0107, \u017ce b\u0119dziemy przetwarza\u0107 wi\u0119cej lub inne dane.<\/p>\n<ul>\n<li>Imi\u0119 i nazwisko oraz dane adresowe, adres e-mail, numer telefonu i inne dane kontaktowe;<\/li>\n<li>Dane dotycz\u0105ce urodzenia, wieku, narodowo\u015bci i p\u0142ci;<\/li>\n<li>CV (curriculum vitae) i motywacja;<\/li>\n<li>Dane o wykszta\u0142ceniu, sta\u017cach i do\u015bwiadczeniu zawodowym;<\/li>\n<li>Dost\u0119pno\u015b\u0107 i dane urlopowe;<\/li>\n<li>Referencje i za\u015bwiadczenia;<\/li>\n<li>Inne informacje, kt\u00f3re mog\u0105 by\u0107 istotne w kontek\u015bcie oceny predyspozycji kandydata.<\/li>\n<\/ul>\n<p>Je\u015bli wysy\u0142asz nam aplikacj\u0119, upewnij si\u0119, \u017ce przes\u0142ane dokumenty nie zawieraj\u0105 \u017cadnych informacji nieistotnych dla aplikacji. <\/p>\n<p><strong>Cele przetwarzania<\/strong><br \/>Twoje dane s\u0105 zbierane i przetwarzane do realizacji naszych dzia\u0142a\u0144 rekrutacyjnych i selekcyjnych w celu:<\/p>\n<ul>\n<li>Aby m\u00f3c oceni\u0107 Twoj\u0105 przydatno\u015b\u0107 i dost\u0119pno\u015b\u0107 w zwi\u0105zku z ofert\u0105 pracy;<\/li>\n<li>Aby nawi\u0105za\u0107 i utrzyma\u0107 z Tob\u0105 stosunek pracy oraz przeprowadzi\u0107 odpowiedni\u0105 administracj\u0119 w tym celu i ewentualnie zawrze\u0107 z Tob\u0105 umow\u0119.<\/li>\n<\/ul>\n<p><strong>Okres przechowywania<\/strong><br \/>Usuniemy Twoje dane, CV i inne informacje aplikacyjne w ci\u0105gu 6 tygodni od zako\u0144czenia procedury aplikacyjnej, chyba \u017ce wyrazisz zgod\u0119 na d\u0142u\u017csze przechowywanie Twoich danych przez Gpi. W takim przypadku usuniemy Twoje dane po roku.<\/p>\n<p><strong>Bezpiecze\u0144stwo<\/strong><br \/>Dane wprowadzane na naszej stronie internetowej s\u0105 chronione za pomoc\u0105 bezpiecznych technologii szyfrowania. Dzi\u0119ki SSL (Secure Socket Layer) Twoje dane osobowe s\u0105 u\u017cywane na naszej stronie internetowej w postaci zaszyfrowanej (wi\u0119c nie s\u0105 widoczne dla os\u00f3b trzecich). <\/p>\n<p>Bardzo powa\u017cnie traktujemy ochron\u0119 Twoich danych osobowych i dlatego podejmujemy odpowiednie \u015brodki, aby zapobiec niew\u0142a\u015bciwemu wykorzystaniu, utracie, nieupowa\u017cnionemu dost\u0119powi, niechcianemu ujawnieniu i nieuprawnionej modyfikacji. Je\u015bli uwa\u017casz, \u017ce Twoje dane nie s\u0105 odpowiednio zabezpieczone lub istniej\u0105 przes\u0142anki wskazuj\u0105ce na nadu\u017cycie, skontaktuj si\u0119 z nami bezpo\u015brednio pod adresem <a href=\"mailto:werken@gpi.nl\">hr@gpi-tanks.pl<\/a>. <\/p>\n<p><strong>Poprawki <\/strong><br \/>Poniewa\u017c Gpi b\u0119dzie stale ocenia\u0107 swoj\u0105 w\u0142asn\u0105 polityk\u0119, Gpi zastrzega sobie prawo do zmiany niniejszego o\u015bwiadczenia o ochronie prywatno\u015bci. <\/p>\n\t\t\t\t\t<\/div>\n\t\t\t\t\t\t<\/div>\n\t\t\t\t<\/div>\n\t\t\t\t\t\t<\/div>\n\t\t\t\t\t<\/div>\n\t\t<\/div>\n\t\t\t\t\t\t\t\t<\/div>\n\t\t\t\t\t<\/div>\n\t\t<\/section>\n\t\t\t\t<section class=\"elementor-section elementor-top-section elementor-element elementor-element-2488eee1 elementor-section-boxed elementor-section-height-default elementor-section-height-default\" data-id=\"2488eee1\" data-element_type=\"section\" data-settings=\"{&quot;background_background&quot;:&quot;classic&quot;}\">\n\t\t\t\t\t\t<div class=\"elementor-container elementor-column-gap-default\">\n\t\t\t\t\t\t\t<div class=\"elementor-row\">\n\t\t\t\t\t<div class=\"elementor-column elementor-col-100 elementor-top-column elementor-element elementor-element-3f88385\" data-id=\"3f88385\" data-element_type=\"column\">\n\t\t\t<div class=\"elementor-column-wrap elementor-element-populated\">\n\t\t\t\t\t\t\t<div class=\"elementor-widget-wrap\">\n\t\t\t\t\t\t<div class=\"elementor-element elementor-element-42682556 elementor-widget elementor-widget-cta-card\" data-id=\"42682556\" data-element_type=\"widget\" data-widget_type=\"cta-card.default\">\n\t\t\t\t<div class=\"elementor-widget-container\">\n\t\t\t\n<div class=\"overlapping-card \">\n    <div class=\"overlapping-card--image\" style=\"background-image: url('https:\/\/careers.gpi-group.com\/wp-content\/uploads\/2022\/03\/lopik2.jpg')\"><\/div>\n    <div class=\"overlapping-card--content\">\n        <h2>Vragen?<\/h2>\n        <p>Heeft u na het lezen van de privacyverklaring nog vragen neemt u dan contact met ons op via werken@gpi.nl.<\/p>\n        \n        <a class=\"gpi-button\" href=\"\/nl\/contact\/\" style=\"\">\n            <span class=\"arrow-link-text\">Neem contact op<\/span>\n            <div class=\"arrow-btn\">\n                <i class=\"fal fa-arrow-right\"><\/i>\n            <\/div>\n        <\/a>\n    <\/div>\n<\/div>\n\t\t<\/div>\n\t\t\t\t<\/div>\n\t\t\t\t\t\t<\/div>\n\t\t\t\t\t<\/div>\n\t\t<\/div>\n\t\t\t\t\t\t\t\t<\/div>\n\t\t\t\t\t<\/div>\n\t\t<\/section>\n\t\t\t\t\t\t\t\t\t<\/div>\n\t\t\t<\/div>\n\t\t\t\t\t<\/div>\n\t\t","protected":false},"excerpt":{"rendered":"<p>Osoby ubiegaj\u0105ce si\u0119 o o\u015bwiadczenie o ochronie prywatno\u015bci Gpi Tanks &amp; Process Equipment Gpi bardzo powa\u017cnie traktuje prywatno\u015b\u0107 kandydat\u00f3w. Przetwarzamy dane osobowe zgodnie z obowi\u0105zuj\u0105cymi przepisami prawa i regulacjami, w tym z Og\u00f3lnym Rozporz\u0105dzeniem o Ochronie Danych Osobowych (RODO). Dane osobowe, kt\u00f3re s\u0105 przetwarzanePodczas korzystania z naszych us\u0142ug i\/lub samodzielnego ich \u015bwiadczenia przetwarzane b\u0119d\u0105 Twoje<\/p>\n","protected":false},"author":3,"featured_media":37822,"parent":0,"menu_order":0,"comment_status":"closed","ping_status":"closed","template":"elementor_header_footer","meta":{"_acf_changed":false,"footnotes":""},"class_list":["post-38566","page","type-page","status-publish","has-post-thumbnail","hentry"],"acf":[],"yoast_head":"<!-- This site is optimized with the Yoast SEO plugin v25.9 - https:\/\/yoast.com\/wordpress\/plugins\/seo\/ -->\n<title>Osoby ubiegaj\u0105ce si\u0119 o o\u015bwiadczenie o ochronie prywatno\u015bci - Gpi Tanks &amp; Process Equipment<\/title>\n<meta name=\"description\" content=\"Przetwarzamy dane osobowe zgodnie z obowi\u0105zuj\u0105cymi przepisami prawa i regulacjami, w tym RODO.\" \/>\n<meta name=\"robots\" content=\"index, follow, max-snippet:-1, max-image-preview:large, max-video-preview:-1\" \/>\n<link rel=\"canonical\" href=\"https:\/\/careers.gpi-group.com\/pl\/osoby-ubiegajace-sie-o-oswiadczenie-o-ochronie-prywatnosci\/\" \/>\n<meta property=\"og:locale\" content=\"pl_PL\" \/>\n<meta property=\"og:type\" content=\"article\" \/>\n<meta property=\"og:title\" content=\"Osoby ubiegaj\u0105ce si\u0119 o o\u015bwiadczenie o ochronie prywatno\u015bci - Gpi Tanks &amp; Process Equipment\" \/>\n<meta property=\"og:description\" content=\"Przetwarzamy dane osobowe zgodnie z obowi\u0105zuj\u0105cymi przepisami prawa i regulacjami, w tym RODO.\" \/>\n<meta property=\"og:url\" content=\"https:\/\/careers.gpi-group.com\/pl\/osoby-ubiegajace-sie-o-oswiadczenie-o-ochronie-prywatnosci\/\" \/>\n<meta property=\"og:site_name\" content=\"Work at Gpi\" \/>\n<meta property=\"article:publisher\" content=\"https:\/\/www.facebook.com\/gpitanks\/\" \/>\n<meta property=\"article:modified_time\" content=\"2023-05-23T06:58:52+00:00\" \/>\n<meta property=\"og:image\" content=\"https:\/\/careers.gpi-group.com\/wp-content\/uploads\/2023\/01\/werken-bij-Gpi-kantoor-3-e1674036292936.jpg\" \/>\n\t<meta property=\"og:image:width\" content=\"1666\" \/>\n\t<meta property=\"og:image:height\" content=\"933\" \/>\n\t<meta property=\"og:image:type\" content=\"image\/jpeg\" \/>\n<meta name=\"twitter:card\" content=\"summary_large_image\" \/>\n<meta name=\"twitter:label1\" content=\"Szacowany czas czytania\" \/>\n\t<meta name=\"twitter:data1\" content=\"2 minuty\" \/>\n<script type=\"application\/ld+json\" class=\"yoast-schema-graph\">{\"@context\":\"https:\/\/schema.org\",\"@graph\":[{\"@type\":\"WebPage\",\"@id\":\"https:\/\/careers.gpi-group.com\/pl\/osoby-ubiegajace-sie-o-oswiadczenie-o-ochronie-prywatnosci\/\",\"url\":\"https:\/\/careers.gpi-group.com\/pl\/osoby-ubiegajace-sie-o-oswiadczenie-o-ochronie-prywatnosci\/\",\"name\":\"Osoby ubiegaj\u0105ce si\u0119 o o\u015bwiadczenie o ochronie prywatno\u015bci - Gpi Tanks & Process Equipment\",\"isPartOf\":{\"@id\":\"https:\/\/careers.gpi-group.com\/pl\/#website\"},\"primaryImageOfPage\":{\"@id\":\"https:\/\/careers.gpi-group.com\/pl\/osoby-ubiegajace-sie-o-oswiadczenie-o-ochronie-prywatnosci\/#primaryimage\"},\"image\":{\"@id\":\"https:\/\/careers.gpi-group.com\/pl\/osoby-ubiegajace-sie-o-oswiadczenie-o-ochronie-prywatnosci\/#primaryimage\"},\"thumbnailUrl\":\"https:\/\/careers.gpi-group.com\/wp-content\/uploads\/2023\/01\/werken-bij-Gpi-kantoor-3-e1674036292936.jpg\",\"datePublished\":\"2023-05-23T06:20:52+00:00\",\"dateModified\":\"2023-05-23T06:58:52+00:00\",\"description\":\"Przetwarzamy dane osobowe zgodnie z obowi\u0105zuj\u0105cymi przepisami prawa i regulacjami, w tym RODO.\",\"breadcrumb\":{\"@id\":\"https:\/\/careers.gpi-group.com\/pl\/osoby-ubiegajace-sie-o-oswiadczenie-o-ochronie-prywatnosci\/#breadcrumb\"},\"inLanguage\":\"pl-PL\",\"potentialAction\":[{\"@type\":\"ReadAction\",\"target\":[\"https:\/\/careers.gpi-group.com\/pl\/osoby-ubiegajace-sie-o-oswiadczenie-o-ochronie-prywatnosci\/\"]}]},{\"@type\":\"ImageObject\",\"inLanguage\":\"pl-PL\",\"@id\":\"https:\/\/careers.gpi-group.com\/pl\/osoby-ubiegajace-sie-o-oswiadczenie-o-ochronie-prywatnosci\/#primaryimage\",\"url\":\"https:\/\/careers.gpi-group.com\/wp-content\/uploads\/2023\/01\/werken-bij-Gpi-kantoor-3-e1674036292936.jpg\",\"contentUrl\":\"https:\/\/careers.gpi-group.com\/wp-content\/uploads\/2023\/01\/werken-bij-Gpi-kantoor-3-e1674036292936.jpg\",\"width\":1666,\"height\":933},{\"@type\":\"BreadcrumbList\",\"@id\":\"https:\/\/careers.gpi-group.com\/pl\/osoby-ubiegajace-sie-o-oswiadczenie-o-ochronie-prywatnosci\/#breadcrumb\",\"itemListElement\":[{\"@type\":\"ListItem\",\"position\":1,\"name\":\"home\",\"item\":\"https:\/\/careers.gpi-group.com\/pl\/\"},{\"@type\":\"ListItem\",\"position\":2,\"name\":\"Osoby ubiegaj\u0105ce si\u0119 o o\u015bwiadczenie o ochronie prywatno\u015bci\"}]},{\"@type\":\"WebSite\",\"@id\":\"https:\/\/careers.gpi-group.com\/pl\/#website\",\"url\":\"https:\/\/careers.gpi-group.com\/pl\/\",\"name\":\"Work at Gpi\",\"description\":\"Gpi Poland\",\"publisher\":{\"@id\":\"https:\/\/careers.gpi-group.com\/pl\/#organization\"},\"potentialAction\":[{\"@type\":\"SearchAction\",\"target\":{\"@type\":\"EntryPoint\",\"urlTemplate\":\"https:\/\/careers.gpi-group.com\/pl\/?s={search_term_string}\"},\"query-input\":{\"@type\":\"PropertyValueSpecification\",\"valueRequired\":true,\"valueName\":\"search_term_string\"}}],\"inLanguage\":\"pl-PL\"},{\"@type\":\"Organization\",\"@id\":\"https:\/\/careers.gpi-group.com\/pl\/#organization\",\"name\":\"Gpi Tanks &amp; Process Equipment\",\"url\":\"https:\/\/careers.gpi-group.com\/pl\/\",\"logo\":{\"@type\":\"ImageObject\",\"inLanguage\":\"pl-PL\",\"@id\":\"https:\/\/careers.gpi-group.com\/pl\/#\/schema\/logo\/image\/\",\"url\":\"https:\/\/careers.gpi-group.com\/wp-content\/uploads\/2022\/05\/Gpi-tpe-logo_rgb-png.png\",\"contentUrl\":\"https:\/\/careers.gpi-group.com\/wp-content\/uploads\/2022\/05\/Gpi-tpe-logo_rgb-png.png\",\"width\":500,\"height\":158,\"caption\":\"Gpi Tanks &amp; Process Equipment\"},\"image\":{\"@id\":\"https:\/\/careers.gpi-group.com\/pl\/#\/schema\/logo\/image\/\"},\"sameAs\":[\"https:\/\/www.facebook.com\/gpitanks\/\",\"https:\/\/www.instagram.com\/gpitanks\/\",\"https:\/\/www.linkedin.com\/company\/gpi-tanks-process-equipment\/\",\"https:\/\/www.youtube.com\/c\/GPItanks\/\"]}]}<\/script>\n<!-- \/ Yoast SEO plugin. -->","yoast_head_json":{"title":"Osoby ubiegaj\u0105ce si\u0119 o o\u015bwiadczenie o ochronie prywatno\u015bci - Gpi Tanks & Process Equipment","description":"Przetwarzamy dane osobowe zgodnie z obowi\u0105zuj\u0105cymi przepisami prawa i regulacjami, w tym RODO.","robots":{"index":"index","follow":"follow","max-snippet":"max-snippet:-1","max-image-preview":"max-image-preview:large","max-video-preview":"max-video-preview:-1"},"canonical":"https:\/\/careers.gpi-group.com\/pl\/osoby-ubiegajace-sie-o-oswiadczenie-o-ochronie-prywatnosci\/","og_locale":"pl_PL","og_type":"article","og_title":"Osoby ubiegaj\u0105ce si\u0119 o o\u015bwiadczenie o ochronie prywatno\u015bci - Gpi Tanks & Process Equipment","og_description":"Przetwarzamy dane osobowe zgodnie z obowi\u0105zuj\u0105cymi przepisami prawa i regulacjami, w tym RODO.","og_url":"https:\/\/careers.gpi-group.com\/pl\/osoby-ubiegajace-sie-o-oswiadczenie-o-ochronie-prywatnosci\/","og_site_name":"Work at Gpi","article_publisher":"https:\/\/www.facebook.com\/gpitanks\/","article_modified_time":"2023-05-23T06:58:52+00:00","og_image":[{"width":1666,"height":933,"url":"https:\/\/careers.gpi-group.com\/wp-content\/uploads\/2023\/01\/werken-bij-Gpi-kantoor-3-e1674036292936.jpg","type":"image\/jpeg"}],"twitter_card":"summary_large_image","twitter_misc":{"Szacowany czas czytania":"2 minuty"},"schema":{"@context":"https:\/\/schema.org","@graph":[{"@type":"WebPage","@id":"https:\/\/careers.gpi-group.com\/pl\/osoby-ubiegajace-sie-o-oswiadczenie-o-ochronie-prywatnosci\/","url":"https:\/\/careers.gpi-group.com\/pl\/osoby-ubiegajace-sie-o-oswiadczenie-o-ochronie-prywatnosci\/","name":"Osoby ubiegaj\u0105ce si\u0119 o o\u015bwiadczenie o ochronie prywatno\u015bci - Gpi Tanks & Process Equipment","isPartOf":{"@id":"https:\/\/careers.gpi-group.com\/pl\/#website"},"primaryImageOfPage":{"@id":"https:\/\/careers.gpi-group.com\/pl\/osoby-ubiegajace-sie-o-oswiadczenie-o-ochronie-prywatnosci\/#primaryimage"},"image":{"@id":"https:\/\/careers.gpi-group.com\/pl\/osoby-ubiegajace-sie-o-oswiadczenie-o-ochronie-prywatnosci\/#primaryimage"},"thumbnailUrl":"https:\/\/careers.gpi-group.com\/wp-content\/uploads\/2023\/01\/werken-bij-Gpi-kantoor-3-e1674036292936.jpg","datePublished":"2023-05-23T06:20:52+00:00","dateModified":"2023-05-23T06:58:52+00:00","description":"Przetwarzamy dane osobowe zgodnie z obowi\u0105zuj\u0105cymi przepisami prawa i regulacjami, w tym RODO.","breadcrumb":{"@id":"https:\/\/careers.gpi-group.com\/pl\/osoby-ubiegajace-sie-o-oswiadczenie-o-ochronie-prywatnosci\/#breadcrumb"},"inLanguage":"pl-PL","potentialAction":[{"@type":"ReadAction","target":["https:\/\/careers.gpi-group.com\/pl\/osoby-ubiegajace-sie-o-oswiadczenie-o-ochronie-prywatnosci\/"]}]},{"@type":"ImageObject","inLanguage":"pl-PL","@id":"https:\/\/careers.gpi-group.com\/pl\/osoby-ubiegajace-sie-o-oswiadczenie-o-ochronie-prywatnosci\/#primaryimage","url":"https:\/\/careers.gpi-group.com\/wp-content\/uploads\/2023\/01\/werken-bij-Gpi-kantoor-3-e1674036292936.jpg","contentUrl":"https:\/\/careers.gpi-group.com\/wp-content\/uploads\/2023\/01\/werken-bij-Gpi-kantoor-3-e1674036292936.jpg","width":1666,"height":933},{"@type":"BreadcrumbList","@id":"https:\/\/careers.gpi-group.com\/pl\/osoby-ubiegajace-sie-o-oswiadczenie-o-ochronie-prywatnosci\/#breadcrumb","itemListElement":[{"@type":"ListItem","position":1,"name":"home","item":"https:\/\/careers.gpi-group.com\/pl\/"},{"@type":"ListItem","position":2,"name":"Osoby ubiegaj\u0105ce si\u0119 o o\u015bwiadczenie o ochronie prywatno\u015bci"}]},{"@type":"WebSite","@id":"https:\/\/careers.gpi-group.com\/pl\/#website","url":"https:\/\/careers.gpi-group.com\/pl\/","name":"Work at Gpi","description":"Gpi Poland","publisher":{"@id":"https:\/\/careers.gpi-group.com\/pl\/#organization"},"potentialAction":[{"@type":"SearchAction","target":{"@type":"EntryPoint","urlTemplate":"https:\/\/careers.gpi-group.com\/pl\/?s={search_term_string}"},"query-input":{"@type":"PropertyValueSpecification","valueRequired":true,"valueName":"search_term_string"}}],"inLanguage":"pl-PL"},{"@type":"Organization","@id":"https:\/\/careers.gpi-group.com\/pl\/#organization","name":"Gpi Tanks &amp; Process Equipment","url":"https:\/\/careers.gpi-group.com\/pl\/","logo":{"@type":"ImageObject","inLanguage":"pl-PL","@id":"https:\/\/careers.gpi-group.com\/pl\/#\/schema\/logo\/image\/","url":"https:\/\/careers.gpi-group.com\/wp-content\/uploads\/2022\/05\/Gpi-tpe-logo_rgb-png.png","contentUrl":"https:\/\/careers.gpi-group.com\/wp-content\/uploads\/2022\/05\/Gpi-tpe-logo_rgb-png.png","width":500,"height":158,"caption":"Gpi Tanks &amp; Process Equipment"},"image":{"@id":"https:\/\/careers.gpi-group.com\/pl\/#\/schema\/logo\/image\/"},"sameAs":["https:\/\/www.facebook.com\/gpitanks\/","https:\/\/www.instagram.com\/gpitanks\/","https:\/\/www.linkedin.com\/company\/gpi-tanks-process-equipment\/","https:\/\/www.youtube.com\/c\/GPItanks\/"]}]}},"_links":{"self":[{"href":"https:\/\/careers.gpi-group.com\/pl\/wp-json\/wp\/v2\/pages\/38566","targetHints":{"allow":["GET"]}}],"collection":[{"href":"https:\/\/careers.gpi-group.com\/pl\/wp-json\/wp\/v2\/pages"}],"about":[{"href":"https:\/\/careers.gpi-group.com\/pl\/wp-json\/wp\/v2\/types\/page"}],"author":[{"embeddable":true,"href":"https:\/\/careers.gpi-group.com\/pl\/wp-json\/wp\/v2\/users\/3"}],"replies":[{"embeddable":true,"href":"https:\/\/careers.gpi-group.com\/pl\/wp-json\/wp\/v2\/comments?post=38566"}],"version-history":[{"count":3,"href":"https:\/\/careers.gpi-group.com\/pl\/wp-json\/wp\/v2\/pages\/38566\/revisions"}],"predecessor-version":[{"id":38569,"href":"https:\/\/careers.gpi-group.com\/pl\/wp-json\/wp\/v2\/pages\/38566\/revisions\/38569"}],"wp:featuredmedia":[{"embeddable":true,"href":"https:\/\/careers.gpi-group.com\/pl\/wp-json\/wp\/v2\/media\/37822"}],"wp:attachment":[{"href":"https:\/\/careers.gpi-group.com\/pl\/wp-json\/wp\/v2\/media?parent=38566"}],"curies":[{"name":"wp","href":"https:\/\/api.w.org\/{rel}","templated":true}]}}